{"id":112,"date":"2023-12-21T10:29:22","date_gmt":"2023-12-21T10:29:22","guid":{"rendered":"https:\/\/evisa.xpressbuddy.com\/?page_id=112"},"modified":"2025-09-15T11:56:46","modified_gmt":"2025-09-15T14:56:46","slug":"contacto","status":"publish","type":"page","link":"https:\/\/blcorporations.com\/en\/contacto\/","title":{"rendered":"Contact"},"content":{"rendered":"<div data-elementor-type=\"wp-page\" data-elementor-id=\"112\" class=\"elementor elementor-112\">\n\t\t\t\t\t\t<section class=\"elementor-section elementor-top-section elementor-element elementor-element-20ab56f elementor-section-boxed elementor-section-height-default elementor-section-height-default\" data-id=\"20ab56f\" data-element_type=\"section\" data-e-type=\"section\">\n\t\t\t\t\t\t<div class=\"elementor-container elementor-column-gap-default\">\n\t\t\t\t\t<div class=\"elementor-column elementor-col-33 elementor-top-column elementor-element elementor-element-92c937c\" data-id=\"92c937c\" data-element_type=\"column\" data-e-type=\"column\">\n\t\t\t<div class=\"elementor-widget-wrap elementor-element-populated\">\n\t\t\t\t\t\t<div class=\"elementor-element elementor-element-97be1a4 elementor-widget elementor-widget-int-contact-info\" data-id=\"97be1a4\" data-element_type=\"widget\" data-e-type=\"widget\" data-widget_type=\"int-contact-info.default\">\n\t\t\t\t<div class=\"elementor-widget-container\">\n\t\t\t\t\t\r\n        <div class=\"xb-contact-info text-center\">\r\n            <div class=\"xb-item--flag\">\r\n                            <\/div>\r\n                            <h3 class=\"xb-item--title\"><a href=\"#\">Direcci\u00f3n<\/a><\/h3>\r\n                                        <div class=\"xb-item--content\">\r\n                    Avenida del valle sur 576. oficina 601. Huechuraba. Santiago - Chile                <\/div>\r\n                    <\/div>\r\n        \t\t\t\t<\/div>\n\t\t\t\t<\/div>\n\t\t\t\t\t<\/div>\n\t\t<\/div>\n\t\t\t\t<div class=\"elementor-column elementor-col-33 elementor-top-column elementor-element elementor-element-73fb98f\" data-id=\"73fb98f\" data-element_type=\"column\" data-e-type=\"column\">\n\t\t\t<div class=\"elementor-widget-wrap elementor-element-populated\">\n\t\t\t\t\t\t<div class=\"elementor-element elementor-element-7dec6ab elementor-widget elementor-widget-int-contact-info\" data-id=\"7dec6ab\" data-element_type=\"widget\" data-e-type=\"widget\" data-widget_type=\"int-contact-info.default\">\n\t\t\t\t<div class=\"elementor-widget-container\">\n\t\t\t\t\t\r\n        <div class=\"xb-contact-info text-center\">\r\n            <div class=\"xb-item--flag\">\r\n                            <\/div>\r\n                            <h3 class=\"xb-item--title\"><a href=\"#\">Tel\u00e9fono<\/a><\/h3>\r\n                                        <div class=\"xb-item--content\">\r\n                    +56 2 3213 0300                <\/div>\r\n                    <\/div>\r\n        \t\t\t\t<\/div>\n\t\t\t\t<\/div>\n\t\t\t\t\t<\/div>\n\t\t<\/div>\n\t\t\t\t<div class=\"elementor-column elementor-col-33 elementor-top-column elementor-element elementor-element-70bc661\" data-id=\"70bc661\" data-element_type=\"column\" data-e-type=\"column\">\n\t\t\t<div class=\"elementor-widget-wrap elementor-element-populated\">\n\t\t\t\t\t\t<div class=\"elementor-element elementor-element-8030906 elementor-widget elementor-widget-int-contact-info\" data-id=\"8030906\" data-element_type=\"widget\" data-e-type=\"widget\" data-widget_type=\"int-contact-info.default\">\n\t\t\t\t<div class=\"elementor-widget-container\">\n\t\t\t\t\t\r\n        <div class=\"xb-contact-info text-center\">\r\n            <div class=\"xb-item--flag\">\r\n                            <\/div>\r\n                            <h3 class=\"xb-item--title\"><a href=\"mailto:info@blcorporations.com\">E-mail<\/a><\/h3>\r\n                                        <div class=\"xb-item--content\">\r\n                    info@blcorporations.com                <\/div>\r\n                    <\/div>\r\n        \t\t\t\t<\/div>\n\t\t\t\t<\/div>\n\t\t\t\t\t<\/div>\n\t\t<\/div>\n\t\t\t\t\t<\/div>\n\t\t<\/section>\n\t\t\t\t<\/div>","protected":false},"excerpt":{"rendered":"<p>Direcci\u00f3n Avenida del valle sur 576. oficina 601. Huechuraba. Santiago &#8211; Chile Tel\u00e9fono +56 2 3213 0300 E-mail info@blcorporations.com<\/p>","protected":false},"author":1,"featured_media":0,"parent":0,"menu_order":0,"comment_status":"closed","ping_status":"closed","template":"evisa-template.php","meta":{"inline_featured_image":false,"footnotes":""},"class_list":["post-112","page","type-page","status-publish","hentry"],"yoast_head":"<!-- This site is optimized with the Yoast SEO plugin v27.5 - https:\/\/yoast.com\/product\/yoast-seo-wordpress\/ -->\n<title>Contacto - BL Corporations | 25+ A\u00f1os de experiencia | Chile<\/title>\n<meta name=\"robots\" content=\"index, follow, max-snippet:-1, max-image-preview:large, max-video-preview:-1\" \/>\n<link rel=\"canonical\" href=\"https:\/\/blcorporations.com\/en\/contacto\/\" \/>\n<meta property=\"og:locale\" content=\"en_US\" \/>\n<meta property=\"og:type\" content=\"article\" \/>\n<meta property=\"og:title\" content=\"Contacto - BL Corporations | 25+ A\u00f1os de experiencia | Chile\" \/>\n<meta property=\"og:description\" content=\"Direcci\u00f3n Avenida del valle sur 576. oficina 601. Huechuraba. Santiago &#8211; Chile Tel\u00e9fono +56 2 3213 0300 E-mail info@blcorporations.com\" \/>\n<meta property=\"og:url\" content=\"https:\/\/blcorporations.com\/en\/contacto\/\" \/>\n<meta property=\"og:site_name\" content=\"BL Corporations | 25+ A\u00f1os de experiencia | Chile\" \/>\n<meta property=\"article:modified_time\" content=\"2025-09-15T14:56:46+00:00\" \/>\n<meta property=\"og:image\" content=\"https:\/\/blcorporations.com\/wp-content\/uploads\/2025\/08\/Logo-BL-04.png\" \/>\n\t<meta property=\"og:image:width\" content=\"2135\" \/>\n\t<meta property=\"og:image:height\" content=\"2134\" \/>\n\t<meta property=\"og:image:type\" content=\"image\/png\" \/>\n<meta name=\"twitter:card\" content=\"summary_large_image\" \/>\n<script type=\"application\/ld+json\" class=\"yoast-schema-graph\">{\"@context\":\"https:\\\/\\\/schema.org\",\"@graph\":[{\"@type\":\"WebPage\",\"@id\":\"https:\\\/\\\/blcorporations.com\\\/contacto\\\/\",\"url\":\"https:\\\/\\\/blcorporations.com\\\/contacto\\\/\",\"name\":\"Contacto - BL Corporations | 25+ A\u00f1os de experiencia | Chile\",\"isPartOf\":{\"@id\":\"https:\\\/\\\/blcorporations.com\\\/#website\"},\"datePublished\":\"2023-12-21T10:29:22+00:00\",\"dateModified\":\"2025-09-15T14:56:46+00:00\",\"breadcrumb\":{\"@id\":\"https:\\\/\\\/blcorporations.com\\\/contacto\\\/#breadcrumb\"},\"inLanguage\":\"en-US\",\"potentialAction\":[{\"@type\":\"ReadAction\",\"target\":[\"https:\\\/\\\/blcorporations.com\\\/contacto\\\/\"]}]},{\"@type\":\"BreadcrumbList\",\"@id\":\"https:\\\/\\\/blcorporations.com\\\/contacto\\\/#breadcrumb\",\"itemListElement\":[{\"@type\":\"ListItem\",\"position\":1,\"name\":\"Portada\",\"item\":\"https:\\\/\\\/blcorporations.com\\\/\"},{\"@type\":\"ListItem\",\"position\":2,\"name\":\"Contacto\"}]},{\"@type\":\"WebSite\",\"@id\":\"https:\\\/\\\/blcorporations.com\\\/#website\",\"url\":\"https:\\\/\\\/blcorporations.com\\\/\",\"name\":\"BL Corporations Chile\",\"description\":\"Integramos procesos, soluciones y personas en un mismo rumbo. Conectamos f\u00e1bricas y fronteras a trav\u00e9s de tecnolog\u00eda, precisi\u00f3n y una red log\u00edstica que no deja espacios vac\u00edos. Donde otros ven rutas, nosotros vemos el futuro. Eso es transformar la log\u00edstica global.\",\"publisher\":{\"@id\":\"https:\\\/\\\/blcorporations.com\\\/#organization\"},\"alternateName\":\"BL Corporations\",\"potentialAction\":[{\"@type\":\"SearchAction\",\"target\":{\"@type\":\"EntryPoint\",\"urlTemplate\":\"https:\\\/\\\/blcorporations.com\\\/?s={search_term_string}\"},\"query-input\":{\"@type\":\"PropertyValueSpecification\",\"valueRequired\":true,\"valueName\":\"search_term_string\"}}],\"inLanguage\":\"en-US\"},{\"@type\":\"Organization\",\"@id\":\"https:\\\/\\\/blcorporations.com\\\/#organization\",\"name\":\"BL Corporations\",\"url\":\"https:\\\/\\\/blcorporations.com\\\/\",\"logo\":{\"@type\":\"ImageObject\",\"inLanguage\":\"en-US\",\"@id\":\"https:\\\/\\\/blcorporations.com\\\/#\\\/schema\\\/logo\\\/image\\\/\",\"url\":\"https:\\\/\\\/blcorporations.com\\\/wp-content\\\/uploads\\\/2025\\\/08\\\/Logo-BL-03-scaled.png\",\"contentUrl\":\"https:\\\/\\\/blcorporations.com\\\/wp-content\\\/uploads\\\/2025\\\/08\\\/Logo-BL-03-scaled.png\",\"width\":2560,\"height\":1508,\"caption\":\"BL Corporations\"},\"image\":{\"@id\":\"https:\\\/\\\/blcorporations.com\\\/#\\\/schema\\\/logo\\\/image\\\/\"},\"sameAs\":[\"https:\\\/\\\/www.linkedin.com\\\/in\\\/blcorporations\\\/\"]}]}<\/script>\n<!-- \/ Yoast SEO plugin. -->","yoast_head_json":{"title":"Contacto - BL Corporations | 25+ A\u00f1os de experiencia | Chile","robots":{"index":"index","follow":"follow","max-snippet":"max-snippet:-1","max-image-preview":"max-image-preview:large","max-video-preview":"max-video-preview:-1"},"canonical":"https:\/\/blcorporations.com\/en\/contacto\/","og_locale":"en_US","og_type":"article","og_title":"Contacto - BL Corporations | 25+ A\u00f1os de experiencia | Chile","og_description":"Direcci\u00f3n Avenida del valle sur 576. oficina 601. Huechuraba. Santiago &#8211; Chile Tel\u00e9fono +56 2 3213 0300 E-mail info@blcorporations.com","og_url":"https:\/\/blcorporations.com\/en\/contacto\/","og_site_name":"BL Corporations | 25+ A\u00f1os de experiencia | Chile","article_modified_time":"2025-09-15T14:56:46+00:00","og_image":[{"width":2135,"height":2134,"url":"https:\/\/blcorporations.com\/wp-content\/uploads\/2025\/08\/Logo-BL-04.png","type":"image\/png"}],"twitter_card":"summary_large_image","schema":{"@context":"https:\/\/schema.org","@graph":[{"@type":"WebPage","@id":"https:\/\/blcorporations.com\/contacto\/","url":"https:\/\/blcorporations.com\/contacto\/","name":"Contacto - BL Corporations | 25+ A\u00f1os de experiencia | Chile","isPartOf":{"@id":"https:\/\/blcorporations.com\/#website"},"datePublished":"2023-12-21T10:29:22+00:00","dateModified":"2025-09-15T14:56:46+00:00","breadcrumb":{"@id":"https:\/\/blcorporations.com\/contacto\/#breadcrumb"},"inLanguage":"en-US","potentialAction":[{"@type":"ReadAction","target":["https:\/\/blcorporations.com\/contacto\/"]}]},{"@type":"BreadcrumbList","@id":"https:\/\/blcorporations.com\/contacto\/#breadcrumb","itemListElement":[{"@type":"ListItem","position":1,"name":"Portada","item":"https:\/\/blcorporations.com\/"},{"@type":"ListItem","position":2,"name":"Contacto"}]},{"@type":"WebSite","@id":"https:\/\/blcorporations.com\/#website","url":"https:\/\/blcorporations.com\/","name":"BL Corporations Chile","description":"We integrate processes, solutions, and people in the same direction. We connect factories and borders through technology, precision, and a logistics network that leaves no empty spaces. Where others see routes, we see the future. That's what transforming global logistics is all about.","publisher":{"@id":"https:\/\/blcorporations.com\/#organization"},"alternateName":"BL Corporations","potentialAction":[{"@type":"SearchAction","target":{"@type":"EntryPoint","urlTemplate":"https:\/\/blcorporations.com\/?s={search_term_string}"},"query-input":{"@type":"PropertyValueSpecification","valueRequired":true,"valueName":"search_term_string"}}],"inLanguage":"en-US"},{"@type":"Organization","@id":"https:\/\/blcorporations.com\/#organization","name":"BL Corporations","url":"https:\/\/blcorporations.com\/","logo":{"@type":"ImageObject","inLanguage":"en-US","@id":"https:\/\/blcorporations.com\/#\/schema\/logo\/image\/","url":"https:\/\/blcorporations.com\/wp-content\/uploads\/2025\/08\/Logo-BL-03-scaled.png","contentUrl":"https:\/\/blcorporations.com\/wp-content\/uploads\/2025\/08\/Logo-BL-03-scaled.png","width":2560,"height":1508,"caption":"BL Corporations"},"image":{"@id":"https:\/\/blcorporations.com\/#\/schema\/logo\/image\/"},"sameAs":["https:\/\/www.linkedin.com\/in\/blcorporations\/"]}]}},"_links":{"self":[{"href":"https:\/\/blcorporations.com\/en\/wp-json\/wp\/v2\/pages\/112","targetHints":{"allow":["GET"]}}],"collection":[{"href":"https:\/\/blcorporations.com\/en\/wp-json\/wp\/v2\/pages"}],"about":[{"href":"https:\/\/blcorporations.com\/en\/wp-json\/wp\/v2\/types\/page"}],"author":[{"embeddable":true,"href":"https:\/\/blcorporations.com\/en\/wp-json\/wp\/v2\/users\/1"}],"replies":[{"embeddable":true,"href":"https:\/\/blcorporations.com\/en\/wp-json\/wp\/v2\/comments?post=112"}],"version-history":[{"count":11,"href":"https:\/\/blcorporations.com\/en\/wp-json\/wp\/v2\/pages\/112\/revisions"}],"predecessor-version":[{"id":5927,"href":"https:\/\/blcorporations.com\/en\/wp-json\/wp\/v2\/pages\/112\/revisions\/5927"}],"wp:attachment":[{"href":"https:\/\/blcorporations.com\/en\/wp-json\/wp\/v2\/media?parent=112"}],"curies":[{"name":"wp","href":"https:\/\/api.w.org\/{rel}","templated":true}]}}